{"id":2,"date":"2009-01-10T14:05:16","date_gmt":"2009-01-10T19:05:16","guid":{"rendered":"http:\/\/www.urbecom.com\/blog\/?page_id=2"},"modified":"2009-01-11T01:30:43","modified_gmt":"2009-01-11T06:30:43","slug":"informacion","status":"publish","type":"page","link":"https:\/\/www.urbecom.com\/blog\/informacion\/","title":{"rendered":"Informaci\u00f3n"},"content":{"rendered":"<p>Este blog es editado por el equipo de urbeCOM. Si quieres escribirnos un mensaje, un art\u00edculo o lo que sea puedes hacerlo a la siguiente direcci\u00f3n de correo electr\u00f3nico:<\/p>\n<p>blog[arroba]urbecom.com<\/p>\n","protected":false},"excerpt":{"rendered":"<p>Este blog es editado por el equipo de urbeCOM. Si quieres escribirnos un mensaje, un art\u00edculo o lo que sea puedes hacerlo a la siguiente direcci\u00f3n de correo electr\u00f3nico: blog[arroba]urbecom.com<\/p>\n","protected":false},"author":1,"featured_media":0,"parent":0,"menu_order":0,"comment_status":"open","ping_status":"open","template":"","meta":[],"yoast_head":"<!-- This site is optimized with the Yoast SEO plugin v18.9 - https:\/\/yoast.com\/wordpress\/plugins\/seo\/ -->\n<title>Informaci\u00f3n - Blog de comercio electr\u00f3nico, Ecommerce y Marketing Online | urbeCOM<\/title>\n<meta name=\"robots\" content=\"index, follow, max-snippet:-1, max-image-preview:large, max-video-preview:-1\" \/>\n<link rel=\"canonical\" href=\"https:\/\/www.urbecom.com\/blog\/informacion\/\" \/>\n<meta property=\"og:locale\" content=\"es_ES\" \/>\n<meta property=\"og:type\" content=\"article\" \/>\n<meta property=\"og:title\" content=\"Informaci\u00f3n - Blog de comercio electr\u00f3nico, Ecommerce y Marketing Online | urbeCOM\" \/>\n<meta property=\"og:description\" content=\"Este blog es editado por el equipo de urbeCOM. Si quieres escribirnos un mensaje, un art\u00edculo o lo que sea puedes hacerlo a la siguiente direcci\u00f3n de correo electr\u00f3nico: blog[arroba]urbecom.com\" \/>\n<meta property=\"og:url\" content=\"https:\/\/www.urbecom.com\/blog\/informacion\/\" \/>\n<meta property=\"og:site_name\" content=\"Blog de comercio electr\u00f3nico, Ecommerce y Marketing Online | urbeCOM\" \/>\n<meta property=\"article:publisher\" content=\"https:\/\/www.facebook.com\/urbecom\" \/>\n<meta property=\"article:modified_time\" content=\"2009-01-11T06:30:43+00:00\" \/>\n<meta name=\"twitter:card\" content=\"summary_large_image\" \/>\n<meta name=\"twitter:site\" content=\"@urbecom\" \/>\n<script type=\"application\/ld+json\" class=\"yoast-schema-graph\">{\"@context\":\"https:\/\/schema.org\",\"@graph\":[{\"@type\":\"Organization\",\"@id\":\"https:\/\/www.urbecom.com\/blog\/#organization\",\"name\":\"UrbeCOM Ecomercio S.L.\",\"url\":\"https:\/\/www.urbecom.com\/blog\/\",\"sameAs\":[\"https:\/\/es.pinterest.com\/Urbecom\/\",\"https:\/\/www.youtube.com\/user\/urbecom\",\"https:\/\/www.facebook.com\/urbecom\",\"https:\/\/twitter.com\/urbecom\"],\"logo\":{\"@type\":\"ImageObject\",\"inLanguage\":\"es\",\"@id\":\"https:\/\/www.urbecom.com\/blog\/#\/schema\/logo\/image\/\",\"url\":\"https:\/\/www.urbecom.com\/blog\/wp-content\/uploads\/2019\/05\/Imagotipo800.png\",\"contentUrl\":\"https:\/\/www.urbecom.com\/blog\/wp-content\/uploads\/2019\/05\/Imagotipo800.png\",\"width\":800,\"height\":800,\"caption\":\"UrbeCOM Ecomercio S.L.\"},\"image\":{\"@id\":\"https:\/\/www.urbecom.com\/blog\/#\/schema\/logo\/image\/\"}},{\"@type\":\"WebSite\",\"@id\":\"https:\/\/www.urbecom.com\/blog\/#website\",\"url\":\"https:\/\/www.urbecom.com\/blog\/\",\"name\":\"Blog de comercio electr\u00f3nico, Ecommerce y Marketing Online | urbeCOM\",\"description\":\"Blog de urbeCOM donde encontrar\u00e1s informaci\u00f3n sobre el comercio electr\u00f3nico, c\u00f3mo crear una tienda online, c\u00f3mo vender en Internet y en Redes Sociales, Marketing online, etc.\",\"publisher\":{\"@id\":\"https:\/\/www.urbecom.com\/blog\/#organization\"},\"potentialAction\":[{\"@type\":\"SearchAction\",\"target\":{\"@type\":\"EntryPoint\",\"urlTemplate\":\"https:\/\/www.urbecom.com\/blog\/?s={search_term_string}\"},\"query-input\":\"required name=search_term_string\"}],\"inLanguage\":\"es\"},{\"@type\":\"WebPage\",\"@id\":\"https:\/\/www.urbecom.com\/blog\/informacion\/#webpage\",\"url\":\"https:\/\/www.urbecom.com\/blog\/informacion\/\",\"name\":\"Informaci\u00f3n - Blog de comercio electr\u00f3nico, Ecommerce y Marketing Online | urbeCOM\",\"isPartOf\":{\"@id\":\"https:\/\/www.urbecom.com\/blog\/#website\"},\"datePublished\":\"2009-01-10T19:05:16+00:00\",\"dateModified\":\"2009-01-11T06:30:43+00:00\",\"breadcrumb\":{\"@id\":\"https:\/\/www.urbecom.com\/blog\/informacion\/#breadcrumb\"},\"inLanguage\":\"es\",\"potentialAction\":[{\"@type\":\"ReadAction\",\"target\":[\"https:\/\/www.urbecom.com\/blog\/informacion\/\"]}]},{\"@type\":\"BreadcrumbList\",\"@id\":\"https:\/\/www.urbecom.com\/blog\/informacion\/#breadcrumb\",\"itemListElement\":[{\"@type\":\"ListItem\",\"position\":1,\"name\":\"Portada\",\"item\":\"https:\/\/www.urbecom.com\/blog\/\"},{\"@type\":\"ListItem\",\"position\":2,\"name\":\"Informaci\u00f3n\"}]}]}<\/script>\n<!-- \/ Yoast SEO plugin. -->","yoast_head_json":{"title":"Informaci\u00f3n - Blog de comercio electr\u00f3nico, Ecommerce y Marketing Online | urbeCOM","robots":{"index":"index","follow":"follow","max-snippet":"max-snippet:-1","max-image-preview":"max-image-preview:large","max-video-preview":"max-video-preview:-1"},"canonical":"https:\/\/www.urbecom.com\/blog\/informacion\/","og_locale":"es_ES","og_type":"article","og_title":"Informaci\u00f3n - Blog de comercio electr\u00f3nico, Ecommerce y Marketing Online | urbeCOM","og_description":"Este blog es editado por el equipo de urbeCOM. Si quieres escribirnos un mensaje, un art\u00edculo o lo que sea puedes hacerlo a la siguiente direcci\u00f3n de correo electr\u00f3nico: blog[arroba]urbecom.com","og_url":"https:\/\/www.urbecom.com\/blog\/informacion\/","og_site_name":"Blog de comercio electr\u00f3nico, Ecommerce y Marketing Online | urbeCOM","article_publisher":"https:\/\/www.facebook.com\/urbecom","article_modified_time":"2009-01-11T06:30:43+00:00","twitter_card":"summary_large_image","twitter_site":"@urbecom","schema":{"@context":"https:\/\/schema.org","@graph":[{"@type":"Organization","@id":"https:\/\/www.urbecom.com\/blog\/#organization","name":"UrbeCOM Ecomercio S.L.","url":"https:\/\/www.urbecom.com\/blog\/","sameAs":["https:\/\/es.pinterest.com\/Urbecom\/","https:\/\/www.youtube.com\/user\/urbecom","https:\/\/www.facebook.com\/urbecom","https:\/\/twitter.com\/urbecom"],"logo":{"@type":"ImageObject","inLanguage":"es","@id":"https:\/\/www.urbecom.com\/blog\/#\/schema\/logo\/image\/","url":"https:\/\/www.urbecom.com\/blog\/wp-content\/uploads\/2019\/05\/Imagotipo800.png","contentUrl":"https:\/\/www.urbecom.com\/blog\/wp-content\/uploads\/2019\/05\/Imagotipo800.png","width":800,"height":800,"caption":"UrbeCOM Ecomercio S.L."},"image":{"@id":"https:\/\/www.urbecom.com\/blog\/#\/schema\/logo\/image\/"}},{"@type":"WebSite","@id":"https:\/\/www.urbecom.com\/blog\/#website","url":"https:\/\/www.urbecom.com\/blog\/","name":"Blog de comercio electr\u00f3nico, Ecommerce y Marketing Online | urbeCOM","description":"Blog de urbeCOM donde encontrar\u00e1s informaci\u00f3n sobre el comercio electr\u00f3nico, c\u00f3mo crear una tienda online, c\u00f3mo vender en Internet y en Redes Sociales, Marketing online, etc.","publisher":{"@id":"https:\/\/www.urbecom.com\/blog\/#organization"},"potentialAction":[{"@type":"SearchAction","target":{"@type":"EntryPoint","urlTemplate":"https:\/\/www.urbecom.com\/blog\/?s={search_term_string}"},"query-input":"required name=search_term_string"}],"inLanguage":"es"},{"@type":"WebPage","@id":"https:\/\/www.urbecom.com\/blog\/informacion\/#webpage","url":"https:\/\/www.urbecom.com\/blog\/informacion\/","name":"Informaci\u00f3n - Blog de comercio electr\u00f3nico, Ecommerce y Marketing Online | urbeCOM","isPartOf":{"@id":"https:\/\/www.urbecom.com\/blog\/#website"},"datePublished":"2009-01-10T19:05:16+00:00","dateModified":"2009-01-11T06:30:43+00:00","breadcrumb":{"@id":"https:\/\/www.urbecom.com\/blog\/informacion\/#breadcrumb"},"inLanguage":"es","potentialAction":[{"@type":"ReadAction","target":["https:\/\/www.urbecom.com\/blog\/informacion\/"]}]},{"@type":"BreadcrumbList","@id":"https:\/\/www.urbecom.com\/blog\/informacion\/#breadcrumb","itemListElement":[{"@type":"ListItem","position":1,"name":"Portada","item":"https:\/\/www.urbecom.com\/blog\/"},{"@type":"ListItem","position":2,"name":"Informaci\u00f3n"}]}]}},"_links":{"self":[{"href":"https:\/\/www.urbecom.com\/blog\/wp-json\/wp\/v2\/pages\/2"}],"collection":[{"href":"https:\/\/www.urbecom.com\/blog\/wp-json\/wp\/v2\/pages"}],"about":[{"href":"https:\/\/www.urbecom.com\/blog\/wp-json\/wp\/v2\/types\/page"}],"author":[{"embeddable":true,"href":"https:\/\/www.urbecom.com\/blog\/wp-json\/wp\/v2\/users\/1"}],"replies":[{"embeddable":true,"href":"https:\/\/www.urbecom.com\/blog\/wp-json\/wp\/v2\/comments?post=2"}],"version-history":[{"count":2,"href":"https:\/\/www.urbecom.com\/blog\/wp-json\/wp\/v2\/pages\/2\/revisions"}],"predecessor-version":[{"id":6438,"href":"https:\/\/www.urbecom.com\/blog\/wp-json\/wp\/v2\/pages\/2\/revisions\/6438"}],"wp:attachment":[{"href":"https:\/\/www.urbecom.com\/blog\/wp-json\/wp\/v2\/media?parent=2"}],"curies":[{"name":"wp","href":"https:\/\/api.w.org\/{rel}","templated":true}]}}